{"id":8,"date":"2015-11-25T11:04:10","date_gmt":"2015-11-25T10:04:10","guid":{"rendered":"https:\/\/parkings-semepa.fr\/?page_id=8"},"modified":"2024-10-30T09:04:37","modified_gmt":"2024-10-30T08:04:37","slug":"voirie","status":"publish","type":"page","link":"https:\/\/parkings-semepa.fr\/?page_id=8","title":{"rendered":"Voirie"},"content":{"rendered":"<p>3400 places de surface.<\/p>\n<p>Le stationnement de surface\u2026 A quoi correspond-il ? Il repr\u00e9sente \u00e0 Aix-en-Provence 3400 places de surface sur toute la ville.<\/p>\n<p>Ce stationnement de proximit\u00e9 et de courte dur\u00e9e a pour but de favoriser la rotation ; il est r\u00e9serv\u00e9 aux usagers et aux touristes venant en centre-ville.<\/p>\n<p>Il est g\u00e9r\u00e9 en r\u00e9gie directe par la ville d&rsquo;Aix-en-Provence depuis le 30 juin 2023.<br \/>\nPour tout renseignement, vignettes r\u00e9sidant ou v\u00e9hicule \u00e9lectrique, abonnements, merci de vous adresser \u00e0 :<\/p>\n<table style=\"width: 66.4277%; border-collapse: collapse; background-color: #870000; border-style: solid; height: 148px;\" border=\"0\">\n<tbody>\n<tr>\n<td style=\"width: 100%;\"><span style=\"color: #ffffff;\"><br \/>\nService voirie<\/span><br \/>\n<span style=\"color: #ffffff;\">\u00a0 12 rue Pierre et Marie Curie (Aix centre).<\/span><br \/>\n<span style=\"color: #ffffff;\">\u00a0 Du lundi au vendredi de 8h00 \u00e0 12h00 et de 13h30 \u00e0 16h15.<\/span><br \/>\n<span style=\"color: #ffffff;\">\u00a0 04.42.91.90.00<\/span><\/td>\n<\/tr>\n<\/tbody>\n<\/table>\n<h3>R\u00e9sidents du centre-ville<\/h3>\n<p>Si vous \u00eates r\u00e9sidant du centre-ville, vous b\u00e9n\u00e9ficiez d\u2019un tarif sp\u00e9cifique pour les horodateurs de votre quartier.<\/p>\n<p>Le \u00ab tarif r\u00e9sidant \u00bb s\u2019applique partout o\u00f9 le stationnement sur voirie est payant.<\/p>\n<p>Il convient de pr\u00e9senter les justificatifs de r\u00e9sidence suivants : taxe d\u2019habitation; facture EDF; carte grise du v\u00e9hicule. Tous les documents devant \u00eatre libell\u00e9s aux m\u00eames noms et adresse dans la zone de stationnement payant.<\/p>\n<p>Le \u00ab tarif r\u00e9sidant \u00bb s\u2019applique uniquement \u00e0 proximit\u00e9 du domicile du r\u00e9sidant.<\/p>\n","protected":false},"excerpt":{"rendered":"<p>3400 places de surface. Le stationnement de surface\u2026 A quoi correspond-il ? Il repr\u00e9sente \u00e0 Aix-en-Provence 3400 places de surface sur toute la ville. Ce stationnement de proximit\u00e9 et de courte dur\u00e9e a pour but de favoriser la rotation ; il est r\u00e9serv\u00e9 aux usagers et aux touristes venant en \u2026<\/p>\n","protected":false},"author":1,"featured_media":0,"parent":0,"menu_order":0,"comment_status":"closed","ping_status":"closed","template":"","meta":{"footnotes":""},"class_list":["post-8","page","type-page","status-publish","hentry"],"_links":{"self":[{"href":"https:\/\/parkings-semepa.fr\/index.php?rest_route=\/wp\/v2\/pages\/8","targetHints":{"allow":["GET"]}}],"collection":[{"href":"https:\/\/parkings-semepa.fr\/index.php?rest_route=\/wp\/v2\/pages"}],"about":[{"href":"https:\/\/parkings-semepa.fr\/index.php?rest_route=\/wp\/v2\/types\/page"}],"author":[{"embeddable":true,"href":"https:\/\/parkings-semepa.fr\/index.php?rest_route=\/wp\/v2\/users\/1"}],"replies":[{"embeddable":true,"href":"https:\/\/parkings-semepa.fr\/index.php?rest_route=%2Fwp%2Fv2%2Fcomments&post=8"}],"version-history":[{"count":58,"href":"https:\/\/parkings-semepa.fr\/index.php?rest_route=\/wp\/v2\/pages\/8\/revisions"}],"predecessor-version":[{"id":2869,"href":"https:\/\/parkings-semepa.fr\/index.php?rest_route=\/wp\/v2\/pages\/8\/revisions\/2869"}],"wp:attachment":[{"href":"https:\/\/parkings-semepa.fr\/index.php?rest_route=%2Fwp%2Fv2%2Fmedia&parent=8"}],"curies":[{"name":"wp","href":"https:\/\/api.w.org\/{rel}","templated":true}]}}