{"id":2464,"date":"2021-11-15T16:16:56","date_gmt":"2021-11-15T15:16:56","guid":{"rendered":"https:\/\/parkings-semepa.fr\/?page_id=2464"},"modified":"2024-08-27T14:38:16","modified_gmt":"2024-08-27T13:38:16","slug":"demande-abonnement","status":"publish","type":"page","link":"https:\/\/parkings-semepa.fr\/?page_id=2464","title":{"rendered":"Demande d&rsquo;abonnement"},"content":{"rendered":"\n<p>Votre demande doit \u00eatre enregistr\u00e9e pour 1 seul parking et devra \u00eatre renouvel\u00e9e chaque ann\u00e9e avant le 15 janvier.<\/p>\n<p>Veuillez remplir le formulaire ci-dessous :<\/p>\n\n<div class=\"wpcf7 no-js\" id=\"wpcf7-f2460-o1\" lang=\"fr-FR\" dir=\"ltr\" data-wpcf7-id=\"2460\">\n<div class=\"screen-reader-response\"><p role=\"status\" aria-live=\"polite\" aria-atomic=\"true\"><\/p> <ul><\/ul><\/div>\n<form action=\"\/index.php?rest_route=%2Fwp%2Fv2%2Fpages%2F2464#wpcf7-f2460-o1\" method=\"post\" class=\"wpcf7-form init\" aria-label=\"Formulaire de contact\" novalidate=\"novalidate\" data-status=\"init\">\n<fieldset class=\"hidden-fields-container\"><input type=\"hidden\" name=\"_wpcf7\" value=\"2460\" \/><input type=\"hidden\" name=\"_wpcf7_version\" value=\"6.1.5\" \/><input type=\"hidden\" name=\"_wpcf7_locale\" value=\"fr_FR\" \/><input type=\"hidden\" name=\"_wpcf7_unit_tag\" value=\"wpcf7-f2460-o1\" \/><input type=\"hidden\" name=\"_wpcf7_container_post\" value=\"0\" \/><input type=\"hidden\" name=\"_wpcf7_posted_data_hash\" value=\"\" \/>\n<\/fieldset>\n<p><label> Nom*<br \/>\n<span class=\"wpcf7-form-control-wrap\" data-name=\"nom\"><input size=\"40\" maxlength=\"400\" class=\"wpcf7-form-control wpcf7-text wpcf7-validates-as-required\" aria-required=\"true\" aria-invalid=\"false\" value=\"\" type=\"text\" name=\"nom\" \/><\/span> <\/label>\n<\/p>\n<p><label> Pr\u00e9nom*<br \/>\n<span class=\"wpcf7-form-control-wrap\" data-name=\"prenom\"><input size=\"40\" maxlength=\"400\" class=\"wpcf7-form-control wpcf7-text wpcf7-validates-as-required\" aria-required=\"true\" aria-invalid=\"false\" value=\"\" type=\"text\" name=\"prenom\" \/><\/span> <\/label>\n<\/p>\n<p><label> T\u00e9l\u00e9phone*<br \/>\n<span class=\"wpcf7-form-control-wrap\" data-name=\"tel\"><input size=\"40\" maxlength=\"400\" class=\"wpcf7-form-control wpcf7-tel wpcf7-validates-as-required wpcf7-text wpcf7-validates-as-tel\" aria-required=\"true\" aria-invalid=\"false\" value=\"\" type=\"tel\" name=\"tel\" \/><\/span> <\/label>\n<\/p>\n<p><label> Email*<br \/>\n<span class=\"wpcf7-form-control-wrap\" data-name=\"email\"><input size=\"40\" maxlength=\"400\" class=\"wpcf7-form-control wpcf7-email wpcf7-validates-as-required wpcf7-text wpcf7-validates-as-email\" aria-required=\"true\" aria-invalid=\"false\" value=\"\" type=\"email\" name=\"email\" \/><\/span> <\/label>\n<\/p>\n<p><label> Parking souhait\u00e9*<br \/>\n<span class=\"wpcf7-form-control-wrap\" data-name=\"menu-parking\"><span class=\"wpcf7-form-control wpcf7-radio\"><span class=\"wpcf7-list-item first last\"><label><input type=\"radio\" name=\"menu-parking\" value=\"Rambot\" checked=\"checked\" \/><span class=\"wpcf7-list-item-label\">Rambot<\/span><\/label><\/span><\/span><\/span><br \/>\n<span class=\"wpcf7-form-control-wrap\" data-name=\"menu-parking\"><span class=\"wpcf7-form-control wpcf7-radio\"><span class=\"wpcf7-list-item first last\"><label><input type=\"radio\" name=\"menu-parking\" value=\"Rotonde_Nuit\" checked=\"checked\" \/><span class=\"wpcf7-list-item-label\">Rotonde_Nuit<\/span><\/label><\/span><\/span><\/span><br \/>\n<span class=\"wpcf7-form-control-wrap\" data-name=\"menu-parking\"><span class=\"wpcf7-form-control wpcf7-radio\"><span class=\"wpcf7-list-item first last\"><label><input type=\"radio\" name=\"menu-parking\" value=\"Rotonde_Motos\" checked=\"checked\" \/><span class=\"wpcf7-list-item-label\">Rotonde_Motos<\/span><\/label><\/span><\/span><\/span><br \/>\nEcrire les caract\u00e8res: <input type=\"hidden\" name=\"_wpcf7_captcha_challenge_captcha-170\" value=\"3006600886\" \/><img loading=\"lazy\" decoding=\"async\" class=\"wpcf7-form-control wpcf7-captchac wpcf7-captcha-captcha-170\" width=\"72\" height=\"24\" alt=\"captcha\" src=\"https:\/\/parkings-semepa.fr\/wp-content\/uploads\/wpcf7_captcha\/3006600886.png\" \/><br \/>\n<span class=\"wpcf7-form-control-wrap\" data-name=\"captcha-170\"><input size=\"4\" maxlength=\"4\" class=\"wpcf7-form-control wpcf7-captchar\" autocomplete=\"off\" aria-invalid=\"false\" value=\"\" type=\"text\" name=\"captcha-170\" \/><\/span><br \/>\n<input class=\"wpcf7-form-control wpcf7-submit has-spinner\" type=\"submit\" value=\"Envoyer\" \/><\/label>\n<\/p><div class=\"wpcf7-response-output\" aria-hidden=\"true\"><\/div>\n<\/form>\n<\/div>\n\n","protected":false},"excerpt":{"rendered":"<p>Votre demande doit \u00eatre enregistr\u00e9e pour 1 seul parking et devra \u00eatre renouvel\u00e9e chaque ann\u00e9e avant le 15 janvier. Veuillez remplir le formulaire ci-dessous :<\/p>\n","protected":false},"author":1,"featured_media":0,"parent":0,"menu_order":0,"comment_status":"closed","ping_status":"closed","template":"","meta":{"footnotes":""},"class_list":["post-2464","page","type-page","status-publish","hentry"],"_links":{"self":[{"href":"https:\/\/parkings-semepa.fr\/index.php?rest_route=\/wp\/v2\/pages\/2464","targetHints":{"allow":["GET"]}}],"collection":[{"href":"https:\/\/parkings-semepa.fr\/index.php?rest_route=\/wp\/v2\/pages"}],"about":[{"href":"https:\/\/parkings-semepa.fr\/index.php?rest_route=\/wp\/v2\/types\/page"}],"author":[{"embeddable":true,"href":"https:\/\/parkings-semepa.fr\/index.php?rest_route=\/wp\/v2\/users\/1"}],"replies":[{"embeddable":true,"href":"https:\/\/parkings-semepa.fr\/index.php?rest_route=%2Fwp%2Fv2%2Fcomments&post=2464"}],"version-history":[{"count":9,"href":"https:\/\/parkings-semepa.fr\/index.php?rest_route=\/wp\/v2\/pages\/2464\/revisions"}],"predecessor-version":[{"id":2843,"href":"https:\/\/parkings-semepa.fr\/index.php?rest_route=\/wp\/v2\/pages\/2464\/revisions\/2843"}],"wp:attachment":[{"href":"https:\/\/parkings-semepa.fr\/index.php?rest_route=%2Fwp%2Fv2%2Fmedia&parent=2464"}],"curies":[{"name":"wp","href":"https:\/\/api.w.org\/{rel}","templated":true}]}}