{"id":14,"date":"2015-11-25T11:04:42","date_gmt":"2015-11-25T10:04:42","guid":{"rendered":"https:\/\/parkings-semepa.fr\/?page_id=14"},"modified":"2025-12-12T07:41:58","modified_gmt":"2025-12-12T06:41:58","slug":"contact","status":"publish","type":"page","link":"https:\/\/parkings-semepa.fr\/?page_id=14","title":{"rendered":"Contact"},"content":{"rendered":"<p style=\"text-align: center;\"><strong>SEMEPA<\/strong><br \/>\n4, rue Lapierre<br \/>\n13100 Aix-en-Provence<br \/>\nT\u00e9l\u00e9phone : 04 42 16 04 04<br \/>\n<a href=\"mailto:service.clients.stationnement\">service.clients.stationnement@semepa.fr<\/a><\/p>\n<p>Nos horaires d\u2019ouverture des bureaux : du lundi au vendredi de 8h30 \u00e0 18h.<\/p>\n<p>En nous contactant par mail, vous \u00eates susceptibles de nous transmettre des donn\u00e9es personnelles vous concernant.<br \/>\nCes donn\u00e9es personnelles ne seront trait\u00e9es que pour satisfaire votre demande et uniquement par nos services internes, le responsable de traitement \u00e9tant la SEMEPA.<br \/>\nElles ne seront conserv\u00e9es que pour atteindre la finalit\u00e9 et seront supprim\u00e9es \u00e0 l&rsquo;issue.<br \/>\nConform\u00e9ment \u00e0 la loi n\u00b078-17 du 6 janvier 1978 modifi\u00e9e et au R\u00e8glement (UE) 2016\/679 relatif \u00e0 la protection des donn\u00e9es \u00e0 caract\u00e8re personnel, vous disposez des droits suivants sur vos donn\u00e9es : droit d\u2019acc\u00e8s, droit de rectification, droit \u00e0 l\u2019effacement (droit \u00e0 l\u2019oubli), droit d\u2019opposition, droit \u00e0 la limitation du traitement, droit \u00e0 la portabilit\u00e9. Pour cela, vous pouvez adresser un mail directement \u00e0 l&rsquo;adresse <a href=\"mailto:rgpd@semepa.fr\">rgpd@semepa.fr<\/a>.<\/p>\n<p><a href=\"https:\/\/parkings-semepa.fr\/wp-content\/uploads\/2022\/08\/Politique-de-Confidentialite-et-de-protection-des-donnees-personnelles.pdf\" target=\"_blank\" rel=\"noopener\">Protection des donn\u00e9es<\/a><\/p>\n","protected":false},"excerpt":{"rendered":"<p>SEMEPA 4, rue Lapierre 13100 Aix-en-Provence T\u00e9l\u00e9phone : 04 42 16 04 04 service.clients.stationnement@semepa.fr Nos horaires d\u2019ouverture des bureaux : du lundi au vendredi de 8h30 \u00e0 18h. En nous contactant par mail, vous \u00eates susceptibles de nous transmettre des donn\u00e9es personnelles vous concernant. Ces donn\u00e9es personnelles ne seront trait\u00e9es \u2026<\/p>\n","protected":false},"author":1,"featured_media":0,"parent":0,"menu_order":0,"comment_status":"closed","ping_status":"closed","template":"","meta":{"footnotes":""},"class_list":["post-14","page","type-page","status-publish","hentry"],"_links":{"self":[{"href":"https:\/\/parkings-semepa.fr\/index.php?rest_route=\/wp\/v2\/pages\/14","targetHints":{"allow":["GET"]}}],"collection":[{"href":"https:\/\/parkings-semepa.fr\/index.php?rest_route=\/wp\/v2\/pages"}],"about":[{"href":"https:\/\/parkings-semepa.fr\/index.php?rest_route=\/wp\/v2\/types\/page"}],"author":[{"embeddable":true,"href":"https:\/\/parkings-semepa.fr\/index.php?rest_route=\/wp\/v2\/users\/1"}],"replies":[{"embeddable":true,"href":"https:\/\/parkings-semepa.fr\/index.php?rest_route=%2Fwp%2Fv2%2Fcomments&post=14"}],"version-history":[{"count":54,"href":"https:\/\/parkings-semepa.fr\/index.php?rest_route=\/wp\/v2\/pages\/14\/revisions"}],"predecessor-version":[{"id":3065,"href":"https:\/\/parkings-semepa.fr\/index.php?rest_route=\/wp\/v2\/pages\/14\/revisions\/3065"}],"wp:attachment":[{"href":"https:\/\/parkings-semepa.fr\/index.php?rest_route=%2Fwp%2Fv2%2Fmedia&parent=14"}],"curies":[{"name":"wp","href":"https:\/\/api.w.org\/{rel}","templated":true}]}}